{"id":997,"date":"2025-10-30T11:11:50","date_gmt":"2025-10-30T08:11:50","guid":{"rendered":"https:\/\/ledialed.com\/?page_id=997"},"modified":"2026-03-06T17:52:11","modified_gmt":"2026-03-06T14:52:11","slug":"contact","status":"publish","type":"page","link":"https:\/\/ledialed.com\/en\/iletisim\/","title":{"rendered":"Contact"},"content":{"rendered":"\t\t<div data-elementor-type=\"wp-page\" data-elementor-id=\"997\" class=\"elementor elementor-997\" data-elementor-settings=\"{&quot;element_pack_global_tooltip_width&quot;:{&quot;unit&quot;:&quot;px&quot;,&quot;size&quot;:&quot;&quot;,&quot;sizes&quot;:[]},&quot;element_pack_global_tooltip_width_tablet&quot;:{&quot;unit&quot;:&quot;px&quot;,&quot;size&quot;:&quot;&quot;,&quot;sizes&quot;:[]},&quot;element_pack_global_tooltip_width_mobile&quot;:{&quot;unit&quot;:&quot;px&quot;,&quot;size&quot;:&quot;&quot;,&quot;sizes&quot;:[]},&quot;element_pack_global_tooltip_padding&quot;:{&quot;unit&quot;:&quot;px&quot;,&quot;top&quot;:&quot;&quot;,&quot;right&quot;:&quot;&quot;,&quot;bottom&quot;:&quot;&quot;,&quot;left&quot;:&quot;&quot;,&quot;isLinked&quot;:true},&quot;element_pack_global_tooltip_padding_tablet&quot;:{&quot;unit&quot;:&quot;px&quot;,&quot;top&quot;:&quot;&quot;,&quot;right&quot;:&quot;&quot;,&quot;bottom&quot;:&quot;&quot;,&quot;left&quot;:&quot;&quot;,&quot;isLinked&quot;:true},&quot;element_pack_global_tooltip_padding_mobile&quot;:{&quot;unit&quot;:&quot;px&quot;,&quot;top&quot;:&quot;&quot;,&quot;right&quot;:&quot;&quot;,&quot;bottom&quot;:&quot;&quot;,&quot;left&quot;:&quot;&quot;,&quot;isLinked&quot;:true},&quot;element_pack_global_tooltip_border_radius&quot;:{&quot;unit&quot;:&quot;px&quot;,&quot;top&quot;:&quot;&quot;,&quot;right&quot;:&quot;&quot;,&quot;bottom&quot;:&quot;&quot;,&quot;left&quot;:&quot;&quot;,&quot;isLinked&quot;:true},&quot;element_pack_global_tooltip_border_radius_tablet&quot;:{&quot;unit&quot;:&quot;px&quot;,&quot;top&quot;:&quot;&quot;,&quot;right&quot;:&quot;&quot;,&quot;bottom&quot;:&quot;&quot;,&quot;left&quot;:&quot;&quot;,&quot;isLinked&quot;:true},&quot;element_pack_global_tooltip_border_radius_mobile&quot;:{&quot;unit&quot;:&quot;px&quot;,&quot;top&quot;:&quot;&quot;,&quot;right&quot;:&quot;&quot;,&quot;bottom&quot;:&quot;&quot;,&quot;left&quot;:&quot;&quot;,&quot;isLinked&quot;:true}}\" data-elementor-post-type=\"page\">\n\t\t\t\t<div class=\"elementor-element elementor-element-1e208fa e-flex e-con-boxed magic-button-disabled-no e-con e-parent\" data-id=\"1e208fa\" data-element_type=\"container\" data-e-type=\"container\">\n\t\t\t\t\t<div class=\"e-con-inner\">\n\t\t<div data-dce-background-color=\"#1C5397\" class=\"elementor-element elementor-element-a31b6f0 e-con-full e-flex magic-button-disabled-no e-con e-child\" data-id=\"a31b6f0\" data-element_type=\"container\" data-e-type=\"container\" data-settings=\"{&quot;background_background&quot;:&quot;classic&quot;}\">\n\t\t\t\t<div class=\"elementor-element elementor-element-c9fb6f9 elementor-widget elementor-widget-bdt-advanced-heading\" data-id=\"c9fb6f9\" data-element_type=\"widget\" data-e-type=\"widget\" data-widget_type=\"bdt-advanced-heading.default\">\n\t\t\t\t\t<div id =\"c9fb6f9\" class=\"bdt-ep-advanced-heading\" data-settings=\"{&quot;titleMultiColor&quot;:&quot;no&quot;}\">\t\t\t<div class=\"bdt-ep-advanced-heading-sub-title\">\n\t\t\t\t<div class=\"bdt-ep-advanced-heading-sub-title-content\">\n\t\t\t\t\t\t\t\t\t\tLEDIA LED\t\t\t\t\t\t\t\t\t<\/div>\n\t\t\t\t\t\t\t<\/div>\n\t\t\t<h2 class=\"bdt-ep-advanced-heading-title\"><span class=\"bdt-ep-advanced-heading-main-title\"><span class=\"bdt-ep-advanced-heading-main-title-inner\">\u0130LET\u0130\u015e\u0130M<\/span><\/span><\/h2><\/div>\t\t\t\t<\/div>\n\t\t\t\t<\/div>\n\t\t<div class=\"elementor-element elementor-element-5d839cf e-con-full e-grid magic-button-disabled-no e-con e-child\" data-id=\"5d839cf\" data-element_type=\"container\" data-e-type=\"container\">\n\t\t<div class=\"elementor-element elementor-element-da41051 e-con-full e-flex magic-button-disabled-no e-con e-child\" data-id=\"da41051\" data-element_type=\"container\" data-e-type=\"container\">\n\t\t<div class=\"elementor-element elementor-element-0035428 e-con-full e-flex magic-button-disabled-no e-con e-child\" data-id=\"0035428\" data-element_type=\"container\" data-e-type=\"container\">\n\t\t\t\t<div class=\"elementor-element elementor-element-dd9fffa elementor-widget elementor-widget-bdt-advanced-heading\" data-id=\"dd9fffa\" data-element_type=\"widget\" data-e-type=\"widget\" data-widget_type=\"bdt-advanced-heading.default\">\n\t\t\t\t\t<div id =\"dd9fffa\" class=\"bdt-ep-advanced-heading\" data-settings=\"{&quot;titleMultiColor&quot;:&quot;no&quot;}\">\t\t\t<div class=\"bdt-ep-advanced-heading-sub-title\">\n\t\t\t\t<div class=\"bdt-ep-advanced-heading-sub-title-content\">\n\t\t\t\t\t\t\t\t\t\t\u0130LET\u0130\u015e\u0130ME GE\u00c7\u0130N\t\t\t\t\t\t\t\t\t<\/div>\n\t\t\t\t\t\t\t<\/div>\n\t\t\t<h2 class=\"bdt-ep-advanced-heading-title\"><span class=\"bdt-ep-advanced-heading-main-title\"><span class=\"bdt-ep-advanced-heading-main-title-inner\">Ledia LED Ekibi Sizi Dinliyor<\/span><\/span><\/h2><\/div>\t\t\t\t<\/div>\n\t\t\t\t<div data-dce-text-color=\"#363636\" class=\"elementor-element elementor-element-36490e4 elementor-widget elementor-widget-text-editor\" data-id=\"36490e4\" data-element_type=\"widget\" data-e-type=\"widget\" data-widget_type=\"text-editor.default\">\n\t\t\t\t\t\t\t\t\t<p>Deneyimli Ledia LED ekibimiz size yard\u0131mc\u0131 olmaktan memnuniyet duyar.<\/p>\t\t\t\t\t\t\t\t<\/div>\n\t\t\t\t<\/div>\n\t\t<div class=\"elementor-element elementor-element-3c7b3ee e-con-full e-flex magic-button-disabled-no e-con e-child\" data-id=\"3c7b3ee\" data-element_type=\"container\" data-e-type=\"container\">\n\t\t\t\t<div data-dce-title-color=\"#000000\" class=\"elementor-element elementor-element-e3c1e1d elementor-view-framed elementor-shape-rounded elementor-position-inline-start elementor-mobile-position-inline-start elementor-widget elementor-widget-icon-box\" data-id=\"e3c1e1d\" data-element_type=\"widget\" data-e-type=\"widget\" data-widget_type=\"icon-box.default\">\n\t\t\t\t\t\t\t<div class=\"elementor-icon-box-wrapper\">\n\n\t\t\t\t\t\t<div class=\"elementor-icon-box-icon\">\n\t\t\t\t<a href=\"https:\/\/www.google.com\/maps\/place\/Etiler,+1265.+Sk.+No:20,+35240+Konak%2F%C4%B0zmir\/@38.4241091,27.1445389,17z\/data=!3m1!4b1!4m5!3m4!1s0x14bbd8f47df28cb3:0x7df3ce07ee9398bd!8m2!3d38.4241049!4d27.1471138?entry=ttu&#038;g_ep=EgoyMDI1MTAyOC4wIKXMDSoASAFQAw%3D%3D\" target=\"_blank\" class=\"elementor-icon\" tabindex=\"-1\" aria-label=\"Adres\" rel=\"noopener\">\n\t\t\t\t<svg aria-hidden=\"true\" class=\"e-font-icon-svg e-fas-map-marker-alt\" viewBox=\"0 0 384 512\" xmlns=\"http:\/\/www.w3.org\/2000\/svg\"><path d=\"M172.268 501.67C26.97 291.031 0 269.413 0 192 0 85.961 85.961 0 192 0s192 85.961 192 192c0 77.413-26.97 99.031-172.268 309.67-9.535 13.774-29.93 13.773-39.464 0zM192 272c44.183 0 80-35.817 80-80s-35.817-80-80-80-80 35.817-80 80 35.817 80 80 80z\"><\/path><\/svg>\t\t\t\t<\/a>\n\t\t\t<\/div>\n\t\t\t\n\t\t\t\t\t\t<div class=\"elementor-icon-box-content\">\n\n\t\t\t\t\t\t\t\t\t<h3 class=\"elementor-icon-box-title\">\n\t\t\t\t\t\t<a href=\"https:\/\/www.google.com\/maps\/place\/Etiler,+1265.+Sk.+No:20,+35240+Konak%2F%C4%B0zmir\/@38.4241091,27.1445389,17z\/data=!3m1!4b1!4m5!3m4!1s0x14bbd8f47df28cb3:0x7df3ce07ee9398bd!8m2!3d38.4241049!4d27.1471138?entry=ttu&#038;g_ep=EgoyMDI1MTAyOC4wIKXMDSoASAFQAw%3D%3D\" target=\"_blank\" rel=\"noopener\">\n\t\t\t\t\t\t\tAdres\t\t\t\t\t\t<\/a>\n\t\t\t\t\t<\/h3>\n\t\t\t\t\n\t\t\t\t\t\t\t\t\t<p class=\"elementor-icon-box-description\">\n\t\t\t\t\t\tEtiler Mah. 1265 Sk. No:10\/1\nKonak\/\u0130ZM\u0130R\t\t\t\t\t<\/p>\n\t\t\t\t\n\t\t\t<\/div>\n\t\t\t\n\t\t<\/div>\n\t\t\t\t\t\t<\/div>\n\t\t\t\t<div data-dce-title-color=\"#000000\" class=\"elementor-element elementor-element-223cc5a elementor-view-framed elementor-shape-rounded elementor-position-inline-start elementor-mobile-position-inline-start elementor-widget elementor-widget-icon-box\" data-id=\"223cc5a\" data-element_type=\"widget\" data-e-type=\"widget\" data-widget_type=\"icon-box.default\">\n\t\t\t\t\t\t\t<div class=\"elementor-icon-box-wrapper\">\n\n\t\t\t\t\t\t<div class=\"elementor-icon-box-icon\">\n\t\t\t\t<a href=\"tel:+905404694199\" target=\"_blank\" class=\"elementor-icon\" tabindex=\"-1\" aria-label=\"Telefon\">\n\t\t\t\t<svg aria-hidden=\"true\" class=\"e-font-icon-svg e-fas-mobile-alt\" viewBox=\"0 0 320 512\" xmlns=\"http:\/\/www.w3.org\/2000\/svg\"><path d=\"M272 0H48C21.5 0 0 21.5 0 48v416c0 26.5 21.5 48 48 48h224c26.5 0 48-21.5 48-48V48c0-26.5-21.5-48-48-48zM160 480c-17.7 0-32-14.3-32-32s14.3-32 32-32 32 14.3 32 32-14.3 32-32 32zm112-108c0 6.6-5.4 12-12 12H60c-6.6 0-12-5.4-12-12V60c0-6.6 5.4-12 12-12h200c6.6 0 12 5.4 12 12v312z\"><\/path><\/svg>\t\t\t\t<\/a>\n\t\t\t<\/div>\n\t\t\t\n\t\t\t\t\t\t<div class=\"elementor-icon-box-content\">\n\n\t\t\t\t\t\t\t\t\t<h3 class=\"elementor-icon-box-title\">\n\t\t\t\t\t\t<a href=\"tel:+905404694199\" target=\"_blank\" >\n\t\t\t\t\t\t\tTelefon\t\t\t\t\t\t<\/a>\n\t\t\t\t\t<\/h3>\n\t\t\t\t\n\t\t\t\t\t\t\t\t\t<p class=\"elementor-icon-box-description\">\n\t\t\t\t\t\t+90 547 170 19 70\t\t\t\t\t<\/p>\n\t\t\t\t\n\t\t\t<\/div>\n\t\t\t\n\t\t<\/div>\n\t\t\t\t\t\t<\/div>\n\t\t\t\t<div data-dce-title-color=\"#000000\" class=\"elementor-element elementor-element-bbf01d7 elementor-view-framed elementor-shape-rounded elementor-position-inline-start elementor-mobile-position-inline-start elementor-widget elementor-widget-icon-box\" data-id=\"bbf01d7\" data-element_type=\"widget\" data-e-type=\"widget\" data-widget_type=\"icon-box.default\">\n\t\t\t\t\t\t\t<div class=\"elementor-icon-box-wrapper\">\n\n\t\t\t\t\t\t<div class=\"elementor-icon-box-icon\">\n\t\t\t\t<a href=\"mailto:info@ledialed.com\" target=\"_blank\" class=\"elementor-icon\" tabindex=\"-1\" aria-label=\"Eposta\">\n\t\t\t\t<svg aria-hidden=\"true\" class=\"e-font-icon-svg e-far-envelope\" viewBox=\"0 0 512 512\" xmlns=\"http:\/\/www.w3.org\/2000\/svg\"><path d=\"M464 64H48C21.49 64 0 85.49 0 112v288c0 26.51 21.49 48 48 48h416c26.51 0 48-21.49 48-48V112c0-26.51-21.49-48-48-48zm0 48v40.805c-22.422 18.259-58.168 46.651-134.587 106.49-16.841 13.247-50.201 45.072-73.413 44.701-23.208.375-56.579-31.459-73.413-44.701C106.18 199.465 70.425 171.067 48 152.805V112h416zM48 400V214.398c22.914 18.251 55.409 43.862 104.938 82.646 21.857 17.205 60.134 55.186 103.062 54.955 42.717.231 80.509-37.199 103.053-54.947 49.528-38.783 82.032-64.401 104.947-82.653V400H48z\"><\/path><\/svg>\t\t\t\t<\/a>\n\t\t\t<\/div>\n\t\t\t\n\t\t\t\t\t\t<div class=\"elementor-icon-box-content\">\n\n\t\t\t\t\t\t\t\t\t<h3 class=\"elementor-icon-box-title\">\n\t\t\t\t\t\t<a href=\"mailto:info@ledialed.com\" target=\"_blank\" >\n\t\t\t\t\t\t\tEposta\t\t\t\t\t\t<\/a>\n\t\t\t\t\t<\/h3>\n\t\t\t\t\n\t\t\t\t\t\t\t\t\t<p class=\"elementor-icon-box-description\">\n\t\t\t\t\t\tinfo@ledialed.com\t\t\t\t\t<\/p>\n\t\t\t\t\n\t\t\t<\/div>\n\t\t\t\n\t\t<\/div>\n\t\t\t\t\t\t<\/div>\n\t\t\t\t<\/div>\n\t\t\t\t<\/div>\n\t\t<div data-dce-background-color=\"#1C5397\" class=\"elementor-element elementor-element-61dad23 e-con-full e-flex magic-button-disabled-no e-con e-child\" data-id=\"61dad23\" data-element_type=\"container\" data-e-type=\"container\" data-settings=\"{&quot;background_background&quot;:&quot;classic&quot;}\">\n\t\t\t\t<div class=\"elementor-element elementor-element-f422f73 elementor-widget elementor-widget-heading\" data-id=\"f422f73\" data-element_type=\"widget\" data-e-type=\"widget\" data-widget_type=\"heading.default\">\n\t\t\t\t\t<h2 class=\"elementor-heading-title elementor-size-default\">Mesaj\u0131n\u0131z, Bizim \u0130\u00e7in De\u011ferli<\/h2>\t\t\t\t<\/div>\n\t\t\t\t<div data-dce-text-color=\"#ECECEC\" class=\"elementor-element elementor-element-b0734cc elementor-widget elementor-widget-text-editor\" data-id=\"b0734cc\" data-element_type=\"widget\" data-e-type=\"widget\" data-widget_type=\"text-editor.default\">\n\t\t\t\t\t\t\t\t\t<p>Bir sorunuz, proje fikriniz veya i\u015f birli\u011fi talebiniz mi var? A\u015fa\u011f\u0131daki formu doldurun, uzman ekibimiz en k\u0131sa s\u00fcrede sizinle ileti\u015fime ge\u00e7sin.<\/p>\t\t\t\t\t\t\t\t<\/div>\n\t\t\t\t<div class=\"elementor-element elementor-element-5e444b6 elementor-button-align-stretch elementor-widget elementor-widget-form\" data-id=\"5e444b6\" data-element_type=\"widget\" data-e-type=\"widget\" data-settings=\"{&quot;button_width&quot;:&quot;40&quot;,&quot;step_next_label&quot;:&quot;Next&quot;,&quot;step_previous_label&quot;:&quot;Previous&quot;,&quot;dce_confirm_dialog_enabled&quot;:&quot;no&quot;,&quot;step_type&quot;:&quot;number_text&quot;,&quot;step_icon_shape&quot;:&quot;circle&quot;,&quot;label_icon_size&quot;:{&quot;unit&quot;:&quot;px&quot;,&quot;size&quot;:&quot;&quot;,&quot;sizes&quot;:[]},&quot;field_icon_size&quot;:{&quot;unit&quot;:&quot;px&quot;,&quot;size&quot;:&quot;&quot;,&quot;sizes&quot;:[]}}\" data-widget_type=\"form.default\">\n\t\t\t\t\t\t\t<form class=\"elementor-form\" method=\"post\" name=\"\u0130letisim\" aria-label=\"\u0130letisim\">\n\t\t\t<input type=\"hidden\" name=\"post_id\" value=\"997\"\/>\n\t\t\t<input type=\"hidden\" name=\"form_id\" value=\"5e444b6\"\/>\n\t\t\t<input type=\"hidden\" name=\"referer_title\" value=\"\" \/>\n\n\t\t\t\n\t\t\t<div class=\"elementor-form-fields-wrapper elementor-labels-above\">\n\t\t\t\t\t\t\t\t<div class=\"elementor-field-type-text elementor-field-group elementor-column elementor-field-group-name elementor-col-50 elementor-field-required elementor-mark-required\">\n\t\t\t\t\t\t\t\t\t\t\t\t<label for=\"form-field-name\" class=\"elementor-field-label\">\n\t\t\t\t\t\t\t\t\u0130sim\t\t\t\t\t\t\t<\/label>\n\t\t\t\t\t\t\t\t\t\t\t\t\t\t<input size=\"1\" type=\"text\" name=\"form_fields[name]\" id=\"form-field-name\" class=\"elementor-field elementor-size-sm  elementor-field-textual\" placeholder=\"Ad Soyad\" required=\"required\">\n\t\t\t\t\t\t\t\t\t\t\t<\/div>\n\t\t\t\t\t\t\t\t<div class=\"elementor-field-type-email elementor-field-group elementor-column elementor-field-group-email elementor-col-50 elementor-field-required elementor-mark-required\">\n\t\t\t\t\t\t\t\t\t\t\t\t<label for=\"form-field-email\" class=\"elementor-field-label\">\n\t\t\t\t\t\t\t\tEposta\t\t\t\t\t\t\t<\/label>\n\t\t\t\t\t\t\t\t\t\t\t\t\t\t<input size=\"1\" type=\"email\" name=\"form_fields[email]\" id=\"form-field-email\" class=\"elementor-field elementor-size-sm  elementor-field-textual\" placeholder=\"Eposta Adresiniz\" required=\"required\">\n\t\t\t\t\t\t\t\t\t\t\t<\/div>\n\t\t\t\t\t\t\t\t<div class=\"elementor-field-type-tel elementor-field-group elementor-column elementor-field-group-field_7884eb6 elementor-col-100 elementor-field-required elementor-mark-required\">\n\t\t\t\t\t\t\t\t\t\t\t\t<label for=\"form-field-field_7884eb6\" class=\"elementor-field-label\">\n\t\t\t\t\t\t\t\tTelefon\t\t\t\t\t\t\t<\/label>\n\t\t\t\t\t\t\t\t<input size=\"1\" type=\"tel\" name=\"form_fields[field_7884eb6]\" id=\"form-field-field_7884eb6\" class=\"elementor-field elementor-size-sm  elementor-field-textual\" placeholder=\"Telefon Numaran\u0131z\" required=\"required\" pattern=\"[0-9()#&amp;+*-=.]+\" title=\"Only numbers and phone characters (#, -, *, etc) are accepted.\">\n\n\t\t\t\t\t\t<\/div>\n\t\t\t\t\t\t\t\t<div class=\"elementor-field-type-textarea elementor-field-group elementor-column elementor-field-group-message elementor-col-100 elementor-field-required elementor-mark-required\">\n\t\t\t\t\t\t\t\t\t\t\t\t<label for=\"form-field-message\" class=\"elementor-field-label\">\n\t\t\t\t\t\t\t\tMesaj\t\t\t\t\t\t\t<\/label>\n\t\t\t\t\t\t<textarea class=\"elementor-field-textual elementor-field  elementor-size-sm\" name=\"form_fields[message]\" id=\"form-field-message\" rows=\"6\" required=\"required\"><\/textarea>\t\t\t\t<\/div>\n\t\t\t\t\t\t\t\t<div class=\"elementor-field-type-text\">\n\t\t\t\t\t<input size=\"1\" type=\"text\" name=\"form_fields[field_b676e66]\" id=\"form-field-field_b676e66\" class=\"elementor-field elementor-size-sm \" style=\"display:none !important;\">\t\t\t\t<\/div>\n\t\t\t\t\t\t\t\t<div class=\"elementor-field-group elementor-column elementor-field-type-submit elementor-col-40 e-form__buttons\">\n\t\t\t\t\t<button class=\"elementor-button elementor-size-sm\" type=\"submit\">\n\t\t\t\t\t\t<span class=\"elementor-button-content-wrapper\">\n\t\t\t\t\t\t\t\t\t\t\t\t\t\t\t\t\t\t\t\t\t\t<span class=\"elementor-button-text\">G\u00f6nder<\/span>\n\t\t\t\t\t\t\t\t\t\t\t\t\t<\/span>\n\t\t\t\t\t<\/button>\n\t\t\t\t<\/div>\n\t\t\t<\/div>\n\t\t<\/form>\n\t\t\t\t\t\t<\/div>\n\t\t\t\t<\/div>\n\t\t\t\t<\/div>\n\t\t\t\t\t<\/div>\n\t\t\t\t<\/div>\n\t\t<div class=\"elementor-element elementor-element-ef2c5fe e-flex e-con-boxed magic-button-disabled-no e-con e-parent\" data-id=\"ef2c5fe\" data-element_type=\"container\" data-e-type=\"container\">\n\t\t\t\t\t<div class=\"e-con-inner\">\n\t\t<div class=\"elementor-element elementor-element-dd927f0 e-con-full e-flex magic-button-disabled-no e-con e-child\" data-id=\"dd927f0\" data-element_type=\"container\" data-e-type=\"container\">\n\t\t\t\t<div class=\"elementor-element elementor-element-d56f1f1 elementor-widget elementor-widget-html\" data-id=\"d56f1f1\" data-element_type=\"widget\" data-e-type=\"widget\" data-widget_type=\"html.default\">\n\t\t\t\t\t<div class=\"map-frame\">\r\n  <iframe\r\n    src=\"https:\/\/www.google.com\/maps\/embed?pb=!1m18!1m12!1m3!1d3125.7514249246365!2d27.144538876353852!3d38.42410907449068!2m3!1f0!2f0!3f0!3m2!1i1024!2i768!4f13.1!3m3!1m2!1s0x14bbd8f47df28cb3%3A0x7df3ce07ee9398bd!2sEtiler%2C%201265.%20Sk.%20No%3A20%2C%2035240%20Konak%2F%C4%B0zmir!5e0!3m2!1sen!2str!4v1761911135451!5m2!1sen!2str\"\r\n    width=\"100%\" height=\"420\" style=\"border:0;\" loading=\"lazy\"\r\n    allowfullscreen=\"\" referrerpolicy=\"no-referrer-when-downgrade\">\r\n  <\/iframe>\r\n<\/div>\r\n\t\t\t\t<\/div>\n\t\t\t\t<\/div>\n\t\t\t\t\t<\/div>\n\t\t\t\t<\/div>\n\t\t\t\t<\/div>\n\t\t","protected":false},"excerpt":{"rendered":"<p>LEDIA LED \u0130LET\u0130\u015e\u0130M \u0130LET\u0130\u015e\u0130ME GE\u00c7\u0130N Ledia LED Ekibi Sizi Dinliyor Deneyimli Ledia LED ekibimiz size yard\u0131mc\u0131 olmaktan memnuniyet duyar. Adres Etiler Mah. 1265 Sk. No:10\/1 Konak\/\u0130ZM\u0130R Telefon Eposta info@ledialed.com Mesaj\u0131n\u0131z, Bizim \u0130\u00e7in De\u011ferli Bir sorunuz, proje fikriniz veya i\u015f birli\u011fi talebiniz mi var? A\u015fa\u011f\u0131daki formu doldurun, uzman ekibimiz en k\u0131sa s\u00fcrede sizinle ileti\u015fime ge\u00e7sin.<\/p>","protected":false},"author":1,"featured_media":0,"parent":0,"menu_order":0,"comment_status":"closed","ping_status":"closed","template":"elementor_header_footer","meta":{"_acf_changed":false,"_joinchat":[],"footnotes":""},"class_list":["post-997","page","type-page","status-publish","hentry"],"acf":[],"_links":{"self":[{"href":"https:\/\/ledialed.com\/en\/wp-json\/wp\/v2\/pages\/997","targetHints":{"allow":["GET"]}}],"collection":[{"href":"https:\/\/ledialed.com\/en\/wp-json\/wp\/v2\/pages"}],"about":[{"href":"https:\/\/ledialed.com\/en\/wp-json\/wp\/v2\/types\/page"}],"author":[{"embeddable":true,"href":"https:\/\/ledialed.com\/en\/wp-json\/wp\/v2\/users\/1"}],"replies":[{"embeddable":true,"href":"https:\/\/ledialed.com\/en\/wp-json\/wp\/v2\/comments?post=997"}],"version-history":[{"count":0,"href":"https:\/\/ledialed.com\/en\/wp-json\/wp\/v2\/pages\/997\/revisions"}],"wp:attachment":[{"href":"https:\/\/ledialed.com\/en\/wp-json\/wp\/v2\/media?parent=997"}],"curies":[{"name":"wp","href":"https:\/\/api.w.org\/{rel}","templated":true}]}}